{"id":405,"date":"2024-08-25T09:47:25","date_gmt":"2024-08-25T14:47:25","guid":{"rendered":"https:\/\/museeminero.com\/?page_id=405"},"modified":"2025-04-14T09:46:54","modified_gmt":"2025-04-14T14:46:54","slug":"nous-joindre","status":"publish","type":"page","link":"https:\/\/museeminero.com\/en\/nous-joindre\/","title":{"rendered":"CONTACT US"},"content":{"rendered":"<p>[et_pb_section fb_built=\u00a0\u00bb1&Prime; _builder_version=\u00a0\u00bb4.25.2&Prime; _module_preset=\u00a0\u00bbdefault\u00a0\u00bb background_image=\u00a0\u00bbhttps:\/\/museeminero.com\/wp-content\/uploads\/2024\/08\/Rectangle-45-3.png\u00a0\u00bb background_position=\u00a0\u00bbbottom_center\u00a0\u00bb height=\u00a0\u00bb600px\u00a0\u00bb locked=\u00a0\u00bboff\u00a0\u00bb global_colors_info=\u00a0\u00bb{}\u00a0\u00bb][et_pb_row custom_padding_last_edited=\u00a0\u00bbon|phone\u00a0\u00bb module_class=\u00a0\u00bbdc-inline-buttons\u00a0\u00bb _builder_version=\u00a0\u00bb4.25.2&Prime; _module_preset=\u00a0\u00bbdefault\u00a0\u00bb background_color=\u00a0\u00bbrgba(0,61,44,0.8)\u00a0\u00bb positioning=\u00a0\u00bbabsolute\u00a0\u00bb position_origin_a=\u00a0\u00bbcenter_right\u00a0\u00bb vertical_offset=\u00a0\u00bb10%\u00a0\u00bb z_index=\u00a0\u00bb1&Prime; vertical_offset_tablet=\u00a0\u00bb-20%\u00a0\u00bb vertical_offset_phone=\u00a0\u00bb-17%\u00a0\u00bb vertical_offset_last_edited=\u00a0\u00bbon|phone\u00a0\u00bb position_origin_a_tablet=\u00a0\u00bbbottom_right\u00a0\u00bb position_origin_a_phone=\u00a0\u00bbbottom_right\u00a0\u00bb position_origin_a_last_edited=\u00a0\u00bbon|tablet\u00a0\u00bb position_origin_f_tablet=\u00a0\u00bb\u00a0\u00bb position_origin_f_phone=\u00a0\u00bb\u00a0\u00bb position_origin_f_last_edited=\u00a0\u00bbon|desktop\u00a0\u00bb position_origin_r_tablet=\u00a0\u00bb\u00a0\u00bb position_origin_r_phone=\u00a0\u00bb\u00a0\u00bb position_origin_r_last_edited=\u00a0\u00bbon|desktop\u00a0\u00bb width_tablet=\u00a0\u00bb\u00a0\u00bb width_phone=\u00a0\u00bb90%\u00a0\u00bb width_last_edited=\u00a0\u00bbon|phone\u00a0\u00bb max_width=\u00a0\u00bb700px\u00a0\u00bb max_width_tablet=\u00a0\u00bb560px\u00a0\u00bb max_width_phone=\u00a0\u00bb560px\u00a0\u00bb max_width_last_edited=\u00a0\u00bbon|tablet\u00a0\u00bb custom_padding=\u00a0\u00bb50px|100px|50px|50px|true|false\u00a0\u00bb custom_padding_tablet=\u00a0\u00bb37px|90px|37px|40px|true|false\u00a0\u00bb custom_padding_phone=\u00a0\u00bb35px|30px|35px|30px|true|false\u00a0\u00bb background_color_phone=\u00a0\u00bb#003d2c\u00a0\u00bb background_last_edited=\u00a0\u00bbon|phone\u00a0\u00bb background_enable_color_phone=\u00a0\u00bbon\u00a0\u00bb positioning_tablet=\u00a0\u00bbabsolute\u00a0\u00bb positioning_phone=\u00a0\u00bbabsolute\u00a0\u00bb positioning_last_edited=\u00a0\u00bbon|desktop\u00a0\u00bb border_radii=\u00a0\u00bboff|15px|||15px\u00a0\u00bb locked=\u00a0\u00bboff\u00a0\u00bb global_colors_info=\u00a0\u00bb{}\u00a0\u00bb][et_pb_column type=\u00a0\u00bb4_4&Prime; _builder_version=\u00a0\u00bb4.25.2&Prime; _module_preset=\u00a0\u00bbdefault\u00a0\u00bb global_colors_info=\u00a0\u00bb{}\u00a0\u00bb][et_pb_heading title=\u00a0\u00bbNOUS JOINDRE\u00a0\u00bb _builder_version=\u00a0\u00bb4.25.2&Prime; _module_preset=\u00a0\u00bbdefault\u00a0\u00bb title_font=\u00a0\u00bb|800||on|||||\u00a0\u00bb title_text_color=\u00a0\u00bb#FFFFFF\u00a0\u00bb title_font_size=\u00a0\u00bb3.5em\u00a0\u00bb custom_margin_tablet=\u00a0\u00bb||5px||false|false\u00a0\u00bb custom_margin_phone=\u00a0\u00bb||0px||false|false\u00a0\u00bb custom_margin_last_edited=\u00a0\u00bbon|phone\u00a0\u00bb title_font_size_tablet=\u00a0\u00bb3.5em\u00a0\u00bb title_font_size_phone=\u00a0\u00bb2.8em\u00a0\u00bb title_font_size_last_edited=\u00a0\u00bbon|phone\u00a0\u00bb global_colors_info=\u00a0\u00bb{}\u00a0\u00bb][\/et_pb_heading][et_pb_text _builder_version=\u00a0\u00bb4.27.4&Prime; _module_preset=\u00a0\u00bbdefault\u00a0\u00bb text_font=\u00a0\u00bbRoboto||||||||\u00a0\u00bb text_text_color=\u00a0\u00bb#FFFFFF\u00a0\u00bb text_font_size=\u00a0\u00bb16px\u00a0\u00bb global_colors_info=\u00a0\u00bb{}\u00a0\u00bb]<\/p>\n<p><span data-metadata=\"&lt;!--(figmeta)eyJmaWxlS2V5IjoiSXpVU2p0MkRINEI2Rld4UTBBbEFIRiIsInBhc3RlSUQiOjE2NTIyNzcyNiwiZGF0YVR5cGUiOiJzY2VuZSJ9Cg==(\/figmeta)--&gt;\"><\/span>Notre \u00e9quipe d\u00e9vou\u00e9e est l\u00e0 pour r\u00e9pondre \u00e0 toutes vos demandes et vous aider \u00e0 planifier votre visite du Centre historique de la mine King | KB3 et du Mus\u00e9e Min\u00e9ro. Nous avons h\u00e2te de vous accueillir et de partager avec vous l&rsquo;histoire captivante de Thetford Mines!<\/p>\n<p>[\/et_pb_text][\/et_pb_column][\/et_pb_row][\/et_pb_section][et_pb_section fb_built=\u00a0\u00bb1&Prime; _builder_version=\u00a0\u00bb4.27.0&Prime; _module_preset=\u00a0\u00bbdefault\u00a0\u00bb background_image=\u00a0\u00bbhttps:\/\/museeminero.com\/wp-content\/uploads\/2024\/06\/symboles_muse_e_cercle_vert_4.webp\u00a0\u00bb background_size=\u00a0\u00bbinitial\u00a0\u00bb background_position=\u00a0\u00bbcenter_right\u00a0\u00bb background_horizontal_offset=\u00a0\u00bb-2%\u00a0\u00bb custom_margin=\u00a0\u00bb3em||0em||false|false\u00a0\u00bb custom_margin_tablet=\u00a0\u00bb13em||0em||false|false\u00a0\u00bb custom_margin_phone=\u00a0\u00bb13em||0em||false|false\u00a0\u00bb custom_margin_last_edited=\u00a0\u00bbon|tablet\u00a0\u00bb locked=\u00a0\u00bboff\u00a0\u00bb global_colors_info=\u00a0\u00bb{}\u00a0\u00bb][et_pb_row column_structure=\u00a0\u00bb1_2,1_2&Prime; _builder_version=\u00a0\u00bb4.27.0&Prime; _module_preset=\u00a0\u00bbdefault\u00a0\u00bb width=\u00a0\u00bb90%\u00a0\u00bb max_width=\u00a0\u00bb1240px\u00a0\u00bb custom_css_main_element=\u00a0\u00bbdisplay: flex;||align-items: center;\u00a0\u00bb locked=\u00a0\u00bboff\u00a0\u00bb global_colors_info=\u00a0\u00bb{}\u00a0\u00bb custom_css_main_element_last_edited=\u00a0\u00bbon|tablet\u00a0\u00bb custom_css_main_element_tablet=\u00a0\u00bbdisplay: flex;||flex-direction: column;||gap: 40px;\u00a0\u00bb custom_css_main_element_phone=\u00a0\u00bbdisplay: flex;||flex-direction: column;||gap: 40px;\u00a0\u00bb][et_pb_column type=\u00a0\u00bb1_2&Prime; _builder_version=\u00a0\u00bb4.25.2&Prime; _module_preset=\u00a0\u00bbdefault\u00a0\u00bb global_colors_info=\u00a0\u00bb{}\u00a0\u00bb][et_pb_heading title=\u00a0\u00bbCoordonn\u00e9es\u00a0\u00bb _builder_version=\u00a0\u00bb4.25.2&Prime; _module_preset=\u00a0\u00bbdefault\u00a0\u00bb title_level=\u00a0\u00bbh2&Prime; title_font=\u00a0\u00bb|800||on|||||\u00a0\u00bb title_text_color=\u00a0\u00bb#013D2D\u00a0\u00bb title_font_size=\u00a0\u00bb3.5em\u00a0\u00bb custom_margin=\u00a0\u00bb||10px||false|false\u00a0\u00bb title_font_size_tablet=\u00a0\u00bb3.5em\u00a0\u00bb title_font_size_phone=\u00a0\u00bb3em\u00a0\u00bb title_font_size_last_edited=\u00a0\u00bbon|phone\u00a0\u00bb global_colors_info=\u00a0\u00bb{}\u00a0\u00bb][\/et_pb_heading][et_pb_text _builder_version=\u00a0\u00bb4.27.4&Prime; _module_preset=\u00a0\u00bbdefault\u00a0\u00bb text_text_color=\u00a0\u00bb#023D2D\u00a0\u00bb text_font_size=\u00a0\u00bb16px\u00a0\u00bb header_2_font=\u00a0\u00bb|800|||||||\u00a0\u00bb header_2_text_color=\u00a0\u00bb#023D2D\u00a0\u00bb header_4_text_color=\u00a0\u00bb#023D2D\u00a0\u00bb custom_margin=\u00a0\u00bb5%||||false|false\u00a0\u00bb hover_enabled=\u00a0\u00bb0&Prime; global_colors_info=\u00a0\u00bb{}\u00a0\u00bb sticky_enabled=\u00a0\u00bb0&Prime;]<\/p>\n<h4><strong>MIN\u00c9RO\u00a0 &#8211; MUS\u00c9E DE THETFORD<\/strong><\/h4>\n<p>711, boulevard Frontenac Ouest,<br \/>Thetford Mines (Qu\u00e9bec) G6G 7Y8<\/p>\n<p><a href=\"https:\/\/www.google.com\/maps\/dir\/\/711+Bd+Frontenac+O,+Thetford+Mines,+QC+G6G+7Y8\/@46.0957522,-71.4078661,18399m\/data=!3m1!1e3!4m8!4m7!1m0!1m5!1m1!1s0x4cb831a9e5b5b4b1:0x4674efe9b84df144!2m2!1d-71.3254655!2d46.0957818?entry=ttu&amp;g_ep=EgoyMDI1MDQwOS4wIKXMDSoASAFQAw%3D%3D\" target=\"_blank\" rel=\"noopener\">ITIN\u00c9RAIRE<\/a><\/p>\n<p>*<span>Merci d\u2019utiliser l&rsquo;adresse du Mus\u00e9e pour toute communication par la poste.<\/span><\/p>\n<p>&nbsp;<\/p>\n<h4><strong>CENTRE HISTORIQUE DE LA MINE KING | KB3<\/strong><\/h4>\n<p>240, rue Bennett Ouest<br \/>Thetford Mines (Qu\u00e9bec) G6G 2R4<\/p>\n<p><strong><a href=\"https:\/\/www.google.com\/maps\/dir\/\/Centre+historique+de+la+mine+King+%7C+KB3,+Rue+Bennett+Ouest,+Thetford+Mines,+QC\/@46.0879953,-71.3831867,18401m\/data=!3m2!1e3!4b1!4m8!4m7!1m0!1m5!1m1!1s0x4cb831ac385891a1:0x8cb65d48914a3f62!2m2!1d-71.3007856!2d46.0879058?entry=ttu&amp;g_ep=EgoyMDI1MDQwOS4wIKXMDSoASAFQAw%3D%3D\" target=\"_blank\" rel=\"noopener\">ITIN\u00c9RAIRE<\/a><\/strong><\/p>\n<p><strong><\/strong><\/p>\n<p><strong>T\u00e9l\u00e9phone<\/strong> : 418 335-2123<br \/><strong>Sans frais<\/strong> : 1 855 335-2123<br \/><strong>T\u00e9l\u00e9copieur<\/strong> : 418 335-5605<\/p>\n<p><strong>Adresse courriel<\/strong> : info@museeminero.com<\/p>\n<p>[\/et_pb_text][\/et_pb_column][et_pb_column type=\u00a0\u00bb1_2&Prime; _builder_version=\u00a0\u00bb4.25.2&Prime; _module_preset=\u00a0\u00bbdefault\u00a0\u00bb global_colors_info=\u00a0\u00bb{}\u00a0\u00bb][et_pb_map address=\u00a0\u00bbThetford Mines, QC, Canada\u00a0\u00bb zoom_level=\u00a0\u00bb13&Prime; address_lat=\u00a0\u00bb46.09096252946&Prime; address_lng=\u00a0\u00bb-71.3108159095&Prime; use_grayscale_filter=\u00a0\u00bbon\u00a0\u00bb grayscale_filter_amount=\u00a0\u00bb100&Prime; _builder_version=\u00a0\u00bb4.27.4&Prime; _module_preset=\u00a0\u00bbdefault\u00a0\u00bb height=\u00a0\u00bb600px\u00a0\u00bb hover_enabled=\u00a0\u00bb0&Prime; border_radii=\u00a0\u00bbon|20px|20px|20px|20px\u00a0\u00bb box_shadow_style=\u00a0\u00bbpreset1&Prime; box_shadow_horizontal=\u00a0\u00bb4px\u00a0\u00bb box_shadow_vertical=\u00a0\u00bb4px\u00a0\u00bb box_shadow_blur=\u00a0\u00bb10px\u00a0\u00bb global_colors_info=\u00a0\u00bb{}\u00a0\u00bb sticky_enabled=\u00a0\u00bb0&Prime;][et_pb_map_pin title=\u00a0\u00bbMus\u00e9e Min\u00e9ro\u00a0\u00bb pin_address=\u00a0\u00bb711 Bd Frontenac O, Thetford Mines, QC G6G 7Y8, Canada\u00a0\u00bb pin_address_lat=\u00a0\u00bb46.0957818&Prime; pin_address_lng=\u00a0\u00bb-71.3254655&Prime; _builder_version=\u00a0\u00bb4.27.2&Prime; _module_preset=\u00a0\u00bbdefault\u00a0\u00bb global_colors_info=\u00a0\u00bb{}\u00a0\u00bb]<\/p>\n<p>711, boulevard Frontenac Ouest,<br \/>Thetford Mines (Qu\u00e9bec) G6G 7Y8<\/p>\n<p>[\/et_pb_map_pin][et_pb_map_pin title=\u00a0\u00bbCentre historique KB3&Prime; pin_address=\u00a0\u00bb240 Rue Bennett O, Thetford Mines, QC G6G 2R4, Canada\u00a0\u00bb pin_address_lat=\u00a0\u00bb46.0879001&Prime; pin_address_lng=\u00a0\u00bb-71.3007726&Prime; _builder_version=\u00a0\u00bb4.27.4&Prime; _module_preset=\u00a0\u00bbdefault\u00a0\u00bb global_colors_info=\u00a0\u00bb{}\u00a0\u00bb hover_enabled=\u00a0\u00bb0&Prime; sticky_enabled=\u00a0\u00bb0&Prime;]<\/p>\n<p>240, rue Bennett Ouest<br \/>Thetford Mines (Qu\u00e9bec) G6G 2R4<\/p>\n<p>[\/et_pb_map_pin][\/et_pb_map][\/et_pb_column][\/et_pb_row][\/et_pb_section][et_pb_section fb_built=\u00a0\u00bb1&Prime; _builder_version=\u00a0\u00bb4.25.2&Prime; _module_preset=\u00a0\u00bbdefault\u00a0\u00bb background_image=\u00a0\u00bbhttps:\/\/museeminero.com\/wp-content\/uploads\/2024\/06\/symboles_muse_e_cercle_vert_5.webp\u00a0\u00bb background_size=\u00a0\u00bbcustom\u00a0\u00bb background_image_width=\u00a0\u00bb323px\u00a0\u00bb background_image_height=\u00a0\u00bb465px\u00a0\u00bb background_position=\u00a0\u00bbbottom_left\u00a0\u00bb background_horizontal_offset=\u00a0\u00bb0%\u00a0\u00bb background_vertical_offset=\u00a0\u00bb-65%\u00a0\u00bb custom_margin=\u00a0\u00bb||||false|false\u00a0\u00bb custom_padding=\u00a0\u00bb8em||8em||false|false\u00a0\u00bb locked=\u00a0\u00bboff\u00a0\u00bb global_colors_info=\u00a0\u00bb{}\u00a0\u00bb][et_pb_row column_structure=\u00a0\u00bb3_5,2_5&Prime; use_custom_gutter=\u00a0\u00bbon\u00a0\u00bb gutter_width=\u00a0\u00bb1&Prime; make_equal=\u00a0\u00bbon\u00a0\u00bb _builder_version=\u00a0\u00bb4.25.2&Prime; _module_preset=\u00a0\u00bbdefault\u00a0\u00bb background_color=\u00a0\u00bb#023D2D\u00a0\u00bb width=\u00a0\u00bb90%\u00a0\u00bb max_width=\u00a0\u00bb1440px\u00a0\u00bb module_alignment=\u00a0\u00bbcenter\u00a0\u00bb custom_margin=\u00a0\u00bb0px||||false|false\u00a0\u00bb custom_padding=\u00a0\u00bb0px||0px||false|false\u00a0\u00bb border_radii=\u00a0\u00bbon|15px|15px|15px|15px\u00a0\u00bb global_colors_info=\u00a0\u00bb{}\u00a0\u00bb custom_css_main_element_last_edited=\u00a0\u00bbon|tablet\u00a0\u00bb custom_css_main_element_tablet=\u00a0\u00bbdisplay: flex;||flex-direction: column-reverse;\u00a0\u00bb custom_css_main_element_phone=\u00a0\u00bbdisplay: flex;||flex-direction: column-reverse;\u00a0\u00bb][et_pb_column type=\u00a0\u00bb3_5&Prime; _builder_version=\u00a0\u00bb4.25.2&Prime; _module_preset=\u00a0\u00bbdefault\u00a0\u00bb custom_padding=\u00a0\u00bb80px|60px|80px|60px|true|false\u00a0\u00bb custom_padding_tablet=\u00a0\u00bb40px|30px|40px|30px|true|true\u00a0\u00bb custom_padding_phone=\u00a0\u00bb40px|30px|40px|30px|true|true\u00a0\u00bb custom_padding_last_edited=\u00a0\u00bbon|tablet\u00a0\u00bb global_colors_info=\u00a0\u00bb{}\u00a0\u00bb][et_pb_heading title=\u00a0\u00bbINFOLETTRE\u00a0\u00bb _builder_version=\u00a0\u00bb4.25.2&Prime; _module_preset=\u00a0\u00bbdefault\u00a0\u00bb title_level=\u00a0\u00bbh2&Prime; title_font=\u00a0\u00bb|800||on|||||\u00a0\u00bb title_text_color=\u00a0\u00bb#FBFAF9&Prime; title_font_size=\u00a0\u00bb3.5em\u00a0\u00bb max_width=\u00a0\u00bb550px\u00a0\u00bb custom_margin=\u00a0\u00bb||10px||false|false\u00a0\u00bb title_font_size_tablet=\u00a0\u00bb2.8em\u00a0\u00bb title_font_size_phone=\u00a0\u00bb2.8em\u00a0\u00bb title_font_size_last_edited=\u00a0\u00bbon|tablet\u00a0\u00bb locked=\u00a0\u00bboff\u00a0\u00bb global_colors_info=\u00a0\u00bb{}\u00a0\u00bb][\/et_pb_heading][et_pb_text _builder_version=\u00a0\u00bb4.25.2&Prime; _module_preset=\u00a0\u00bbdefault\u00a0\u00bb text_font=\u00a0\u00bbRoboto||||||||\u00a0\u00bb text_text_color=\u00a0\u00bb#FBFAF9&Prime; text_font_size=\u00a0\u00bb1.1em\u00a0\u00bb width=\u00a0\u00bb100%\u00a0\u00bb max_width=\u00a0\u00bb600px\u00a0\u00bb module_alignment=\u00a0\u00bbleft\u00a0\u00bb locked=\u00a0\u00bboff\u00a0\u00bb global_colors_info=\u00a0\u00bb{}\u00a0\u00bb]<\/p>\n<p><span data-metadata=\"&lt;!--(figmeta)eyJmaWxlS2V5IjoiSXpVU2p0MkRINEI2Rld4UTBBbEFIRiIsInBhc3RlSUQiOjE2NTIyNzcyNiwiZGF0YVR5cGUiOiJzY2VuZSJ9Cg==(\/figmeta)--&gt;\"><\/span>Abonnez-vous \u00e0 notre infolettre pour rester inform\u00e9 des derni\u00e8res actualit\u00e9s de Min\u00e9ro et recevoir du contenu exclusif!<\/p>\n<p>[\/et_pb_text][et_pb_signup mailchimp_list=\u00a0\u00bbMin\u00e9ro &#8211; Mus\u00e9e de Thetford | KB3|1467d5124d\u00a0\u00bb first_name_field=\u00a0\u00bboff\u00a0\u00bb last_name_field=\u00a0\u00bboff\u00a0\u00bb button_text=\u00a0\u00bbS&rsquo;abonner\u00a0\u00bb _builder_version=\u00a0\u00bb4.27.2&Prime; _module_preset=\u00a0\u00bbdefault\u00a0\u00bb form_field_background_color=\u00a0\u00bb#FBFAF9&Prime; form_field_text_color=\u00a0\u00bb#013D2D\u00a0\u00bb background_enable_color=\u00a0\u00bboff\u00a0\u00bb custom_padding=\u00a0\u00bb|0px||0px|false|false\u00a0\u00bb global_colors_info=\u00a0\u00bb{}\u00a0\u00bb][\/et_pb_signup][\/et_pb_column][et_pb_column type=\u00a0\u00bb2_5&Prime; _builder_version=\u00a0\u00bb4.25.2&Prime; _module_preset=\u00a0\u00bbdefault\u00a0\u00bb background_image=\u00a0\u00bbhttps:\/\/museeminero.com\/wp-content\/uploads\/2024\/08\/Rectangle-56.png\u00a0\u00bb custom_padding=\u00a0\u00bb0px||0px||false|false\u00a0\u00bb global_colors_info=\u00a0\u00bb{}\u00a0\u00bb custom_css_main_element_last_edited=\u00a0\u00bbon|tablet\u00a0\u00bb custom_css_main_element_tablet=\u00a0\u00bbheight: 400px;\u00a0\u00bb custom_css_main_element_phone=\u00a0\u00bbheight: 400px;\u00a0\u00bb][et_pb_divider show_divider=\u00a0\u00bboff\u00a0\u00bb _builder_version=\u00a0\u00bb4.25.2&Prime; _module_preset=\u00a0\u00bbdefault\u00a0\u00bb global_colors_info=\u00a0\u00bb{}\u00a0\u00bb][\/et_pb_divider][\/et_pb_column][\/et_pb_row][\/et_pb_section]<\/p>\n","protected":false},"excerpt":{"rendered":"<p>Notre \u00e9quipe d\u00e9vou\u00e9e est l\u00e0 pour r\u00e9pondre \u00e0 toutes vos demandes et vous aider \u00e0 planifier votre visite du Centre historique de la mine King | KB3 et du Mus\u00e9e Min\u00e9ro. Nous avons h\u00e2te de vous accueillir et de partager avec vous l&rsquo;histoire captivante de Thetford Mines!MIN\u00c9RO\u00a0 &#8211; MUS\u00c9E DE THETFORD 711, boulevard Frontenac Ouest,Thetford Mines (Qu\u00e9bec) G6G 7Y8 ITIN\u00c9RAIRE *Merci d\u2019utiliser l&rsquo;adresse du Mus\u00e9e pour toute communication par la poste. &nbsp; CENTRE HISTORIQUE DE LA MINE KING | KB3 240, rue Bennett OuestThetford Mines (Qu\u00e9bec) G6G 2R4 ITIN\u00c9RAIRE T\u00e9l\u00e9phone : 418 335-2123Sans frais : 1 855 335-2123T\u00e9l\u00e9copieur : 418 335-5605 Adresse courriel : info@museeminero.com711, boulevard Frontenac Ouest,Thetford Mines (Qu\u00e9bec) G6G 7Y8240, rue Bennett OuestThetford Mines (Qu\u00e9bec) G6G 2R4Abonnez-vous \u00e0 notre infolettre pour rester inform\u00e9 des derni\u00e8res actualit\u00e9s de Min\u00e9ro et recevoir du contenu exclusif!<\/p>","protected":false},"author":1,"featured_media":0,"parent":0,"menu_order":0,"comment_status":"closed","ping_status":"closed","template":"","meta":{"_acf_changed":false,"_et_pb_use_builder":"on","_et_pb_old_content":"<!-- wp:divi\/placeholder \/-->","_et_gb_content_width":"","wpupg_custom_link":[],"wpupg_custom_link_behaviour":[],"wpupg_custom_link_nofollow":[],"wpupg_custom_image":[],"wpupg_custom_image_id":[],"footnotes":""},"class_list":["post-405","page","type-page","status-publish","hentry"],"acf":[],"_links":{"self":[{"href":"https:\/\/museeminero.com\/en\/wp-json\/wp\/v2\/pages\/405","targetHints":{"allow":["GET"]}}],"collection":[{"href":"https:\/\/museeminero.com\/en\/wp-json\/wp\/v2\/pages"}],"about":[{"href":"https:\/\/museeminero.com\/en\/wp-json\/wp\/v2\/types\/page"}],"author":[{"embeddable":true,"href":"https:\/\/museeminero.com\/en\/wp-json\/wp\/v2\/users\/1"}],"replies":[{"embeddable":true,"href":"https:\/\/museeminero.com\/en\/wp-json\/wp\/v2\/comments?post=405"}],"version-history":[{"count":0,"href":"https:\/\/museeminero.com\/en\/wp-json\/wp\/v2\/pages\/405\/revisions"}],"wp:attachment":[{"href":"https:\/\/museeminero.com\/en\/wp-json\/wp\/v2\/media?parent=405"}],"curies":[{"name":"wp","href":"https:\/\/api.w.org\/{rel}","templated":true}]}}