{"id":384,"date":"2024-08-25T09:36:53","date_gmt":"2024-08-25T14:36:53","guid":{"rendered":"https:\/\/museeminero.com\/?page_id=384"},"modified":"2025-09-29T10:33:28","modified_gmt":"2025-09-29T15:33:28","slug":"location-de-salles","status":"publish","type":"page","link":"https:\/\/museeminero.com\/en\/location-de-salles\/","title":{"rendered":"Room rental"},"content":{"rendered":"<p>[et_pb_section fb_built=\u00a0\u00bb1&Prime; _builder_version=\u00a0\u00bb4.25.2&Prime; _module_preset=\u00a0\u00bbdefault\u00a0\u00bb background_image=\u00a0\u00bbhttps:\/\/museeminero.com\/wp-content\/uploads\/2024\/08\/Rectangle-45-1.png\u00a0\u00bb background_position=\u00a0\u00bbbottom_center\u00a0\u00bb height=\u00a0\u00bb600px\u00a0\u00bb animation_style=\u00a0\u00bbfade\u00a0\u00bb locked=\u00a0\u00bboff\u00a0\u00bb global_colors_info=\u00a0\u00bb{}\u00a0\u00bb][et_pb_row custom_padding_last_edited=\u00a0\u00bbon|phone\u00a0\u00bb module_class=\u00a0\u00bbdc-inline-buttons\u00a0\u00bb _builder_version=\u00a0\u00bb4.25.2&Prime; _module_preset=\u00a0\u00bbdefault\u00a0\u00bb background_color=\u00a0\u00bbrgba(0,61,44,0.8)\u00a0\u00bb positioning=\u00a0\u00bbabsolute\u00a0\u00bb position_origin_a=\u00a0\u00bbcenter_right\u00a0\u00bb vertical_offset=\u00a0\u00bb10%\u00a0\u00bb z_index=\u00a0\u00bb1&Prime; vertical_offset_tablet=\u00a0\u00bb-20%\u00a0\u00bb vertical_offset_phone=\u00a0\u00bb-17%\u00a0\u00bb vertical_offset_last_edited=\u00a0\u00bbon|phone\u00a0\u00bb position_origin_a_tablet=\u00a0\u00bbbottom_right\u00a0\u00bb position_origin_a_phone=\u00a0\u00bbbottom_right\u00a0\u00bb position_origin_a_last_edited=\u00a0\u00bbon|tablet\u00a0\u00bb position_origin_f_tablet=\u00a0\u00bb\u00a0\u00bb position_origin_f_phone=\u00a0\u00bb\u00a0\u00bb position_origin_f_last_edited=\u00a0\u00bbon|desktop\u00a0\u00bb position_origin_r_tablet=\u00a0\u00bb\u00a0\u00bb position_origin_r_phone=\u00a0\u00bb\u00a0\u00bb position_origin_r_last_edited=\u00a0\u00bbon|desktop\u00a0\u00bb width_tablet=\u00a0\u00bb\u00a0\u00bb width_phone=\u00a0\u00bb90%\u00a0\u00bb width_last_edited=\u00a0\u00bbon|phone\u00a0\u00bb max_width=\u00a0\u00bb700px\u00a0\u00bb max_width_tablet=\u00a0\u00bb560px\u00a0\u00bb max_width_phone=\u00a0\u00bb560px\u00a0\u00bb max_width_last_edited=\u00a0\u00bbon|tablet\u00a0\u00bb custom_padding=\u00a0\u00bb50px|100px|50px|50px|true|false\u00a0\u00bb custom_padding_tablet=\u00a0\u00bb37px|90px|37px|40px|true|false\u00a0\u00bb custom_padding_phone=\u00a0\u00bb35px|30px|35px|30px|true|false\u00a0\u00bb background_color_phone=\u00a0\u00bb#003d2c\u00a0\u00bb background_last_edited=\u00a0\u00bbon|phone\u00a0\u00bb background_enable_color_phone=\u00a0\u00bbon\u00a0\u00bb positioning_tablet=\u00a0\u00bbabsolute\u00a0\u00bb positioning_phone=\u00a0\u00bbabsolute\u00a0\u00bb positioning_last_edited=\u00a0\u00bbon|desktop\u00a0\u00bb border_radii=\u00a0\u00bboff|15px|||15px\u00a0\u00bb locked=\u00a0\u00bboff\u00a0\u00bb global_colors_info=\u00a0\u00bb{}\u00a0\u00bb][et_pb_column type=\u00a0\u00bb4_4&Prime; _builder_version=\u00a0\u00bb4.25.2&Prime; _module_preset=\u00a0\u00bbdefault\u00a0\u00bb global_colors_info=\u00a0\u00bb{}\u00a0\u00bb][et_pb_heading title=\u00a0\u00bbLocation de salles\u00a0\u00bb _builder_version=\u00a0\u00bb4.25.2&Prime; _module_preset=\u00a0\u00bbdefault\u00a0\u00bb title_font=\u00a0\u00bb|800||on|||||\u00a0\u00bb title_text_color=\u00a0\u00bb#FFFFFF\u00a0\u00bb title_font_size=\u00a0\u00bb3.5em\u00a0\u00bb custom_margin_tablet=\u00a0\u00bb||5px||false|false\u00a0\u00bb custom_margin_phone=\u00a0\u00bb||0px||false|false\u00a0\u00bb custom_margin_last_edited=\u00a0\u00bbon|phone\u00a0\u00bb hover_enabled=\u00a0\u00bb0&Prime; title_font_size_tablet=\u00a0\u00bb3.5em\u00a0\u00bb title_font_size_phone=\u00a0\u00bb2.8em\u00a0\u00bb title_font_size_last_edited=\u00a0\u00bbon|phone\u00a0\u00bb global_colors_info=\u00a0\u00bb{}\u00a0\u00bb sticky_enabled=\u00a0\u00bb0&Prime;][\/et_pb_heading][et_pb_text _builder_version=\u00a0\u00bb4.27.4&Prime; _module_preset=\u00a0\u00bbdefault\u00a0\u00bb text_font=\u00a0\u00bbRoboto||||||||\u00a0\u00bb text_text_color=\u00a0\u00bb#FFFFFF\u00a0\u00bb text_font_size=\u00a0\u00bb1.1em\u00a0\u00bb max_width=\u00a0\u00bb550px\u00a0\u00bb hover_enabled=\u00a0\u00bb0&Prime; global_colors_info=\u00a0\u00bb{}\u00a0\u00bb sticky_enabled=\u00a0\u00bb0&Prime;]<\/p>\n<p><span data-metadata=\"&lt;!--(figmeta)eyJmaWxlS2V5IjoiSXpVU2p0MkRINEI2Rld4UTBBbEFIRiIsInBhc3RlSUQiOjE2NTIyNzcyNiwiZGF0YVR5cGUiOiJzY2VuZSJ9Cg==(\/figmeta)--&gt;\"><\/span>Min\u00e9ro offre la possibilit\u00e9 de louer la salle polyvalente Hydro-Qu\u00e9bec, le hall du Mus\u00e9e, le b\u00e2timent de la forge ou encore l\u2019observatoire du Centre historique de la mine King KB3 (mai \u00e0 octobre). \u00c0 la disposition des organisations, tant publiques que priv\u00e9es, et des citoyens d\u00e9sirant y tenir des r\u00e9unions, des formations ou toute autre activit\u00e9.<\/p>\n<p>[\/et_pb_text][\/et_pb_column][\/et_pb_row][\/et_pb_section][et_pb_section fb_built=\u00a0\u00bb1&Prime; custom_padding_last_edited=\u00a0\u00bbon|tablet\u00a0\u00bb _builder_version=\u00a0\u00bb4.27.0&Prime; _module_preset=\u00a0\u00bbdefault\u00a0\u00bb background_image=\u00a0\u00bbhttps:\/\/museeminero.com\/wp-content\/uploads\/2024\/06\/symboles_muse_e_cercle_vert_1.webp\u00a0\u00bb background_size=\u00a0\u00bbinitial\u00a0\u00bb background_position=\u00a0\u00bbcenter_left\u00a0\u00bb background_horizontal_offset=\u00a0\u00bb-2%\u00a0\u00bb custom_margin=\u00a0\u00bb||0em||false|false\u00a0\u00bb custom_margin_tablet=\u00a0\u00bb||0em||false|false\u00a0\u00bb custom_margin_phone=\u00a0\u00bb||0em||false|false\u00a0\u00bb custom_margin_last_edited=\u00a0\u00bbon|tablet\u00a0\u00bb custom_padding=\u00a0\u00bb8em||4em||false|false\u00a0\u00bb custom_padding_tablet=\u00a0\u00bb15em||||false|false\u00a0\u00bb custom_padding_phone=\u00a0\u00bb15em||||false|false\u00a0\u00bb locked=\u00a0\u00bboff\u00a0\u00bb global_colors_info=\u00a0\u00bb{}\u00a0\u00bb][et_pb_row column_structure=\u00a0\u00bb1_2,1_2&Prime; use_custom_gutter=\u00a0\u00bbon\u00a0\u00bb gutter_width=\u00a0\u00bb4&Prime; _builder_version=\u00a0\u00bb4.25.2&Prime; _module_preset=\u00a0\u00bbdefault\u00a0\u00bb width=\u00a0\u00bb90%\u00a0\u00bb max_width=\u00a0\u00bb1240px\u00a0\u00bb custom_css_main_element=\u00a0\u00bbdisplay: flex;||align-items: center;\u00a0\u00bb locked=\u00a0\u00bboff\u00a0\u00bb global_colors_info=\u00a0\u00bb{}\u00a0\u00bb][et_pb_column type=\u00a0\u00bb1_2&Prime; _builder_version=\u00a0\u00bb4.25.2&Prime; _module_preset=\u00a0\u00bbdefault\u00a0\u00bb global_colors_info=\u00a0\u00bb{}\u00a0\u00bb][et_pb_text _builder_version=\u00a0\u00bb4.27.4&Prime; _module_preset=\u00a0\u00bbdefault\u00a0\u00bb text_text_color=\u00a0\u00bb#023D2D\u00a0\u00bb text_font_size=\u00a0\u00bb1.1em\u00a0\u00bb header_font_size=\u00a0\u00bb3em\u00a0\u00bb header_2_font=\u00a0\u00bb|800|||||||\u00a0\u00bb header_2_text_color=\u00a0\u00bb#023D2D\u00a0\u00bb header_2_font_size=\u00a0\u00bb3em\u00a0\u00bb header_4_text_color=\u00a0\u00bb#023D2D\u00a0\u00bb custom_margin=\u00a0\u00bb5%||||false|false\u00a0\u00bb hover_enabled=\u00a0\u00bb0&Prime; global_colors_info=\u00a0\u00bb{}\u00a0\u00bb sticky_enabled=\u00a0\u00bb0&Prime;]<\/p>\n<h2>LOCATION DE SALLE<\/h2>\n<p>Min\u00e9ro offre la possibilit\u00e9 de louer la salle polyvalente Hydro-Qu\u00e9bec, le hall du Mus\u00e9e, le b\u00e2timent de la forge ou encore l\u2019observatoire du Centre historique de la mine King KB3 (mai \u00e0 octobre). \u00c0 la disposition des organisations, tant publiques que priv\u00e9es, et des citoyens d\u00e9sirant y tenir des r\u00e9unions, des formations ou toute autre activit\u00e9.<\/p>\n<p>Pour r\u00e9server, nous contacter au 418 335-2123, ou au\u00a0info@museeminero.com.<\/p>\n<p>[\/et_pb_text][et_pb_button button_url=\u00a0\u00bb#salles\u00a0\u00bb button_text=\u00a0\u00bbVOIR LES SALLES \u00c0 LOUER\u00a0\u00bb button_alignment=\u00a0\u00bbleft\u00a0\u00bb _builder_version=\u00a0\u00bb4.27.0&Prime; _module_preset=\u00a0\u00bbdefault\u00a0\u00bb custom_button=\u00a0\u00bbon\u00a0\u00bb button_text_size=\u00a0\u00bb16px\u00a0\u00bb button_text_color=\u00a0\u00bb#023D2D\u00a0\u00bb button_border_color=\u00a0\u00bb#013D2D\u00a0\u00bb button_border_radius=\u00a0\u00bb100px\u00a0\u00bb button_font=\u00a0\u00bbRoboto|||on|||||\u00a0\u00bb custom_margin=\u00a0\u00bb20px||||false|false\u00a0\u00bb custom_padding=\u00a0\u00bb|20px||20px|false|true\u00a0\u00bb custom_padding_tablet=\u00a0\u00bb|20px||20px|false|true\u00a0\u00bb custom_padding_phone=\u00a0\u00bb|20px||20px|false|true\u00a0\u00bb custom_padding_last_edited=\u00a0\u00bbon|desktop\u00a0\u00bb locked=\u00a0\u00bboff\u00a0\u00bb global_colors_info=\u00a0\u00bb{}\u00a0\u00bb custom_padding__hover=\u00a0\u00bb|40px|||false|false\u00a0\u00bb custom_padding__hover_enabled=\u00a0\u00bbon|desktop\u00a0\u00bb button_border_color__hover=\u00a0\u00bb#013D2D\u00a0\u00bb button_border_color__hover_enabled=\u00a0\u00bbon|desktop\u00a0\u00bb][\/et_pb_button][\/et_pb_column][et_pb_column type=\u00a0\u00bb1_2&Prime; disabled_on=\u00a0\u00bbon|on|off\u00a0\u00bb _builder_version=\u00a0\u00bb4.25.2&Prime; _module_preset=\u00a0\u00bbdefault\u00a0\u00bb global_colors_info=\u00a0\u00bb{}\u00a0\u00bb][et_pb_image src=\u00a0\u00bbhttps:\/\/museeminero.com\/wp-content\/uploads\/2024\/08\/Rectangle-46-3.png\u00a0\u00bb title_text=\u00a0\u00bbRectangle 46 (3)\u00a0\u00bb _builder_version=\u00a0\u00bb4.25.2&Prime; _module_preset=\u00a0\u00bbdefault\u00a0\u00bb global_colors_info=\u00a0\u00bb{}\u00a0\u00bb][\/et_pb_image][\/et_pb_column][\/et_pb_row][\/et_pb_section][et_pb_section fb_built=\u00a0\u00bb1&Prime; module_id=\u00a0\u00bbsalles\u00a0\u00bb _builder_version=\u00a0\u00bb4.27.0&Prime; _module_preset=\u00a0\u00bbdefault\u00a0\u00bb background_image=\u00a0\u00bbhttps:\/\/museeminero.com\/wp-content\/uploads\/2024\/06\/symboles_muse_e_cercle_vert_4.webp\u00a0\u00bb background_size=\u00a0\u00bbinitial\u00a0\u00bb background_position=\u00a0\u00bbcenter_right\u00a0\u00bb background_horizontal_offset=\u00a0\u00bb-2%\u00a0\u00bb custom_margin=\u00a0\u00bb||5em||false|false\u00a0\u00bb custom_margin_tablet=\u00a0\u00bb||2em||false|false\u00a0\u00bb custom_margin_phone=\u00a0\u00bb||2em||false|false\u00a0\u00bb custom_margin_last_edited=\u00a0\u00bbon|tablet\u00a0\u00bb locked=\u00a0\u00bboff\u00a0\u00bb global_colors_info=\u00a0\u00bb{}\u00a0\u00bb][et_pb_row _builder_version=\u00a0\u00bb4.25.2&Prime; _module_preset=\u00a0\u00bbdefault\u00a0\u00bb width=\u00a0\u00bb90%\u00a0\u00bb max_width=\u00a0\u00bb1240px\u00a0\u00bb locked=\u00a0\u00bboff\u00a0\u00bb global_colors_info=\u00a0\u00bb{}\u00a0\u00bb][et_pb_column type=\u00a0\u00bb4_4&Prime; _builder_version=\u00a0\u00bb4.25.2&Prime; _module_preset=\u00a0\u00bbdefault\u00a0\u00bb global_colors_info=\u00a0\u00bb{}\u00a0\u00bb][et_pb_heading title=\u00a0\u00bbSALLES DISPONIBLES AU MUS\u00c9E\u00a0\u00bb _builder_version=\u00a0\u00bb4.25.2&Prime; _module_preset=\u00a0\u00bbdefault\u00a0\u00bb title_level=\u00a0\u00bbh2&Prime; title_font=\u00a0\u00bb|800||on|||||\u00a0\u00bb title_text_color=\u00a0\u00bb#013D2D\u00a0\u00bb title_font_size=\u00a0\u00bb3.5em\u00a0\u00bb custom_margin=\u00a0\u00bb||10px||false|false\u00a0\u00bb title_font_size_tablet=\u00a0\u00bb3.5em\u00a0\u00bb title_font_size_phone=\u00a0\u00bb3em\u00a0\u00bb title_font_size_last_edited=\u00a0\u00bbon|phone\u00a0\u00bb locked=\u00a0\u00bboff\u00a0\u00bb global_colors_info=\u00a0\u00bb{}\u00a0\u00bb][\/et_pb_heading][\/et_pb_column][\/et_pb_row][et_pb_row column_structure=\u00a0\u00bb1_2,1_2&Prime; _builder_version=\u00a0\u00bb4.25.2&Prime; _module_preset=\u00a0\u00bbdefault\u00a0\u00bb width=\u00a0\u00bb90%\u00a0\u00bb max_width=\u00a0\u00bb1240px\u00a0\u00bb locked=\u00a0\u00bboff\u00a0\u00bb global_colors_info=\u00a0\u00bb{}\u00a0\u00bb][et_pb_column type=\u00a0\u00bb1_2&Prime; _builder_version=\u00a0\u00bb4.25.2&Prime; _module_preset=\u00a0\u00bbdefault\u00a0\u00bb global_colors_info=\u00a0\u00bb{}\u00a0\u00bb][et_pb_image title_text=\u00a0\u00bbSalle Hydro-Qu\u00e9bec_Mus\u00e9e Min\u00e9ro de Thetford Mines\u00a0\u00bb _builder_version=\u00a0\u00bb4.27.4&Prime; _module_preset=\u00a0\u00bbdefault\u00a0\u00bb hover_enabled=\u00a0\u00bb0&Prime; global_colors_info=\u00a0\u00bb{}\u00a0\u00bb src=\u00a0\u00bbhttps:\/\/museeminero.com\/wp-content\/uploads\/2025\/09\/PXL_20241128_212636937-scaled-e1759159213657.webp\u00a0\u00bb sticky_enabled=\u00a0\u00bb0&Prime;][\/et_pb_image][et_pb_text _builder_version=\u00a0\u00bb4.27.4&Prime; _module_preset=\u00a0\u00bbdefault\u00a0\u00bb text_text_color=\u00a0\u00bb#023D2D\u00a0\u00bb text_font_size=\u00a0\u00bb1.1em\u00a0\u00bb header_2_font=\u00a0\u00bb|800|||||||\u00a0\u00bb header_2_text_color=\u00a0\u00bb#023D2D\u00a0\u00bb header_4_text_color=\u00a0\u00bb#023D2D\u00a0\u00bb custom_margin=\u00a0\u00bb5%||||false|false\u00a0\u00bb hover_enabled=\u00a0\u00bb0&Prime; global_colors_info=\u00a0\u00bb{}\u00a0\u00bb sticky_enabled=\u00a0\u00bb0&Prime;]<\/p>\n<h2>SALLE POLYVALENTE HYDRO-QU\u00c9BEC<\/h2>\n<p>La salle Hydro-Qu\u00e9bec du Mus\u00e9e Min\u00e9ro est un espace multifonctionnel. Muni d\u2019\u00e9quipements audiovisuels, le lieu est tout indiqu\u00e9 pour des conf\u00e9rences, des formations et des r\u00e9unions d\u2019affaires. De plus, la salle est \u00e9quip\u00e9e d\u2019une cuisinette.<\/p>\n<p><strong> Capacit\u00e9 : <\/strong><\/p>\n<ul>\n<li>Formule cocktail : 50 personnes (debout)<\/li>\n<li>Formule conf\u00e9rence : 40 personnes (assises)<\/li>\n<li>Formule r\u00e9union (tables et chaises) : 20 personnes<\/li>\n<\/ul>\n<p>Pour r\u00e9server, nous contacter au 418 335-2123, ou au\u00a0info@museeminero.com.<\/p>\n<p>[\/et_pb_text][\/et_pb_column][et_pb_column type=\u00a0\u00bb1_2&Prime; _builder_version=\u00a0\u00bb4.25.2&Prime; _module_preset=\u00a0\u00bbdefault\u00a0\u00bb global_colors_info=\u00a0\u00bb{}\u00a0\u00bb][et_pb_image src=\u00a0\u00bbhttps:\/\/museeminero.com\/wp-content\/uploads\/2025\/09\/PXL_20241004_152056620-scaled-e1759159422757.webp\u00a0\u00bb title_text=\u00a0\u00bbHall du Mus\u00e9e Min\u00e9ro\u00a0\u00bb _builder_version=\u00a0\u00bb4.27.4&Prime; _module_preset=\u00a0\u00bbdefault\u00a0\u00bb custom_margin_tablet=\u00a0\u00bb8em||||false|false\u00a0\u00bb custom_margin_phone=\u00a0\u00bb8em||||false|false\u00a0\u00bb custom_margin_last_edited=\u00a0\u00bbon|tablet\u00a0\u00bb hover_enabled=\u00a0\u00bb0&Prime; global_colors_info=\u00a0\u00bb{}\u00a0\u00bb sticky_enabled=\u00a0\u00bb0&Prime;][\/et_pb_image][et_pb_text _builder_version=\u00a0\u00bb4.25.2&Prime; _module_preset=\u00a0\u00bbdefault\u00a0\u00bb text_text_color=\u00a0\u00bb#023D2D\u00a0\u00bb text_font_size=\u00a0\u00bb1.1em\u00a0\u00bb header_2_font=\u00a0\u00bb|800|||||||\u00a0\u00bb header_2_text_color=\u00a0\u00bb#023D2D\u00a0\u00bb header_4_text_color=\u00a0\u00bb#023D2D\u00a0\u00bb custom_margin=\u00a0\u00bb5%||||false|false\u00a0\u00bb global_colors_info=\u00a0\u00bb{}\u00a0\u00bb]<\/p>\n<h2>HALL DU MUS\u00c9E<\/h2>\n<p>Le hall d\u2019entr\u00e9e est un espace convivial au c\u0153ur du Mus\u00e9e Min\u00e9ro, avec ses grandes vitrines en fa\u00e7ade et son acc\u00e8s \u00e0 la boutique et aux expositions. L\u2019espace est propice aux conf\u00e9rences de presse et aux rencontres informelles.<\/p>\n<p><strong>Capacit\u00e9\u00a0: <\/strong><\/p>\n<ul>\n<li>Formule cocktail : 75 personnes (debout)<\/li>\n<li>Formule conf\u00e9rence : 30 personnes (assises)<\/li>\n<li>Formule r\u00e9union (tables et chaises) : 25 personnes<\/li>\n<\/ul>\n<p>Pour r\u00e9server, nous contacter au 418 335-2123, ou au\u00a0info@museeminero.com.<\/p>\n<p>[\/et_pb_text][\/et_pb_column][\/et_pb_row][\/et_pb_section][et_pb_section fb_built=\u00a0\u00bb1&Prime; _builder_version=\u00a0\u00bb4.25.2&Prime; _module_preset=\u00a0\u00bbdefault\u00a0\u00bb background_image=\u00a0\u00bbhttps:\/\/museeminero.com\/wp-content\/uploads\/2024\/06\/symboles_muse_e_cercle_vert_1.webp\u00a0\u00bb background_size=\u00a0\u00bbinitial\u00a0\u00bb background_position=\u00a0\u00bbcenter_left\u00a0\u00bb background_horizontal_offset=\u00a0\u00bb-2%\u00a0\u00bb custom_margin=\u00a0\u00bb||8em||false|false\u00a0\u00bb locked=\u00a0\u00bboff\u00a0\u00bb global_colors_info=\u00a0\u00bb{}\u00a0\u00bb][et_pb_row _builder_version=\u00a0\u00bb4.25.2&Prime; _module_preset=\u00a0\u00bbdefault\u00a0\u00bb width=\u00a0\u00bb90%\u00a0\u00bb max_width=\u00a0\u00bb1240px\u00a0\u00bb locked=\u00a0\u00bboff\u00a0\u00bb global_colors_info=\u00a0\u00bb{}\u00a0\u00bb][et_pb_column type=\u00a0\u00bb4_4&Prime; _builder_version=\u00a0\u00bb4.25.2&Prime; _module_preset=\u00a0\u00bbdefault\u00a0\u00bb global_colors_info=\u00a0\u00bb{}\u00a0\u00bb][et_pb_heading title=\u00a0\u00bbSALLES DISPONIBLES AU KB3&Prime; _builder_version=\u00a0\u00bb4.25.2&Prime; _module_preset=\u00a0\u00bbdefault\u00a0\u00bb title_level=\u00a0\u00bbh2&Prime; title_font=\u00a0\u00bb|800||on|||||\u00a0\u00bb title_text_color=\u00a0\u00bb#013D2D\u00a0\u00bb title_font_size=\u00a0\u00bb3.5em\u00a0\u00bb custom_margin=\u00a0\u00bb||10px||false|false\u00a0\u00bb title_font_size_tablet=\u00a0\u00bb3.5em\u00a0\u00bb title_font_size_phone=\u00a0\u00bb3em\u00a0\u00bb title_font_size_last_edited=\u00a0\u00bbon|phone\u00a0\u00bb locked=\u00a0\u00bboff\u00a0\u00bb global_colors_info=\u00a0\u00bb{}\u00a0\u00bb][\/et_pb_heading][\/et_pb_column][\/et_pb_row][et_pb_row column_structure=\u00a0\u00bb1_2,1_2&Prime; _builder_version=\u00a0\u00bb4.25.2&Prime; _module_preset=\u00a0\u00bbdefault\u00a0\u00bb width=\u00a0\u00bb90%\u00a0\u00bb max_width=\u00a0\u00bb1240px\u00a0\u00bb locked=\u00a0\u00bboff\u00a0\u00bb global_colors_info=\u00a0\u00bb{}\u00a0\u00bb][et_pb_column type=\u00a0\u00bb1_2&Prime; _builder_version=\u00a0\u00bb4.25.2&Prime; _module_preset=\u00a0\u00bbdefault\u00a0\u00bb global_colors_info=\u00a0\u00bb{}\u00a0\u00bb][et_pb_image src=\u00a0\u00bbhttps:\/\/museeminero.com\/wp-content\/uploads\/2024\/06\/rectangle_60.webp\u00a0\u00bb title_text=\u00a0\u00bbrectangle_60&Prime; _builder_version=\u00a0\u00bb4.27.4&Prime; _module_preset=\u00a0\u00bbdefault\u00a0\u00bb hover_enabled=\u00a0\u00bb0&Prime; global_colors_info=\u00a0\u00bb{}\u00a0\u00bb sticky_enabled=\u00a0\u00bb0&Prime;][\/et_pb_image][\/et_pb_column][et_pb_column type=\u00a0\u00bb1_2&Prime; _builder_version=\u00a0\u00bb4.25.2&Prime; _module_preset=\u00a0\u00bbdefault\u00a0\u00bb global_colors_info=\u00a0\u00bb{}\u00a0\u00bb][et_pb_text _builder_version=\u00a0\u00bb4.27.4&Prime; _module_preset=\u00a0\u00bbdefault\u00a0\u00bb text_text_color=\u00a0\u00bb#023D2D\u00a0\u00bb text_font_size=\u00a0\u00bb1.1em\u00a0\u00bb header_2_font=\u00a0\u00bb|800|||||||\u00a0\u00bb header_2_text_color=\u00a0\u00bb#023D2D\u00a0\u00bb header_4_text_color=\u00a0\u00bb#023D2D\u00a0\u00bb custom_margin=\u00a0\u00bb5%||||false|false\u00a0\u00bb hover_enabled=\u00a0\u00bb0&Prime; global_colors_info=\u00a0\u00bb{}\u00a0\u00bb sticky_enabled=\u00a0\u00bb0&Prime;]<\/p>\n<h2>OBSERVATOIRE DU KB3<\/h2>\n<p>L\u2019observatoire du KB3 est un lieu de rencontre unique, car il offre une vue \u00e0 360\u00b0 sur la ville de Thetford Mines. M\u00eame si les fonctionnalit\u00e9s ne sont accessibles qu\u2019au rez-de-chauss\u00e9e, l\u2019endroit demeure appropri\u00e9 pour tous les types de rencontres.<\/p>\n<p>Veuillez communiquer avec nous pour connaitre l&rsquo;horaire et les possibilit\u00e9s de location de l&rsquo;observatoire.\u00a0<\/p>\n<p><strong> CAPACIT\u00c9 : <\/strong><\/p>\n<ul>\n<li>Formule cocktail : 50 personnes (debout)<\/li>\n<li>Formule conf\u00e9rence : 40 personnes (assises)<\/li>\n<li>Formule r\u00e9union (tables et chaises) : 20 personnes<\/li>\n<\/ul>\n<p>* Le locataire de l\u2019observatoire du KB3 doit savoir que les toilettes sont situ\u00e9es au rez-de-chauss\u00e9e, mais qu\u2019elles sont accessibles \u00e0 tous par l\u2019ascenseur. De plus, puisque le KB3 est un b\u00e2timent non isol\u00e9, la temp\u00e9rature int\u00e9rieure de l\u2019observatoire est la m\u00eame qu\u2019\u00e0 l\u2019ext\u00e9rieur. *<\/p>\n<p>[\/et_pb_text][\/et_pb_column][\/et_pb_row][et_pb_row column_structure=\u00a0\u00bb1_2,1_2&Prime; _builder_version=\u00a0\u00bb4.25.2&Prime; _module_preset=\u00a0\u00bbdefault\u00a0\u00bb width=\u00a0\u00bb90%\u00a0\u00bb max_width=\u00a0\u00bb1240px\u00a0\u00bb locked=\u00a0\u00bboff\u00a0\u00bb global_colors_info=\u00a0\u00bb{}\u00a0\u00bb][et_pb_column type=\u00a0\u00bb1_2&Prime; _builder_version=\u00a0\u00bb4.25.2&Prime; _module_preset=\u00a0\u00bbdefault\u00a0\u00bb global_colors_info=\u00a0\u00bb{}\u00a0\u00bb][et_pb_image src=\u00a0\u00bbhttps:\/\/museeminero.com\/wp-content\/uploads\/2025\/09\/PXL_20250919_114302970-scaled-e1759159943100.webp\u00a0\u00bb title_text=\u00a0\u00bbB\u00e2timent de forge au Centre historique de la mine King | KB3&Prime; _builder_version=\u00a0\u00bb4.27.4&Prime; _module_preset=\u00a0\u00bbdefault\u00a0\u00bb hover_enabled=\u00a0\u00bb0&Prime; global_colors_info=\u00a0\u00bb{}\u00a0\u00bb sticky_enabled=\u00a0\u00bb0&Prime;][\/et_pb_image][\/et_pb_column][et_pb_column type=\u00a0\u00bb1_2&Prime; _builder_version=\u00a0\u00bb4.25.2&Prime; _module_preset=\u00a0\u00bbdefault\u00a0\u00bb global_colors_info=\u00a0\u00bb{}\u00a0\u00bb][et_pb_text _builder_version=\u00a0\u00bb4.27.4&Prime; _module_preset=\u00a0\u00bbdefault\u00a0\u00bb text_text_color=\u00a0\u00bb#023D2D\u00a0\u00bb text_font_size=\u00a0\u00bb1.1em\u00a0\u00bb header_2_font=\u00a0\u00bb|800|||||||\u00a0\u00bb header_2_text_color=\u00a0\u00bb#023D2D\u00a0\u00bb header_4_text_color=\u00a0\u00bb#023D2D\u00a0\u00bb custom_margin=\u00a0\u00bb5%||||false|false\u00a0\u00bb hover_enabled=\u00a0\u00bb0&Prime; global_colors_info=\u00a0\u00bb{}\u00a0\u00bb sticky_enabled=\u00a0\u00bb0&Prime;]<\/p>\n<h2>B\u00c2TIMENT DE FORGE DU KB3<\/h2>\n<p>Le b\u00e2timent de la forge du KB3 est un autre lieu unique! Il s&rsquo;agit d&rsquo;un b\u00e2timent industriel offrant un cadre de rencontre exceptionnel. M\u00eame si les fonctionnalit\u00e9s ne sont accessibles qu\u2019au rez-de-chauss\u00e9e du chevalement, l\u2019endroit demeure appropri\u00e9 pour tous les types de rencontres.<\/p>\n<p>Veuillez communiquer avec nous pour connaitre l&rsquo;horaire et les possibilit\u00e9s de location du b\u00e2timent de la forge.<\/p>\n<p><strong> CAPACIT\u00c9 : <\/strong><\/p>\n<ul>\n<li>Formule cocktail : 80 personnes (debout)<\/li>\n<li>Formule conf\u00e9rence : 50 personnes (assises)<\/li>\n<li>Formule r\u00e9union (tables et chaises) : 35 personnes<\/li>\n<\/ul>\n<p>* Le locataire du b\u00e2timent de la forge doit savoir que les toilettes sont situ\u00e9es au rez-de-chauss\u00e9e du chevalement, qui est le b\u00e2timent \u00e0 c\u00f4t\u00e9. De plus, puisque le b\u00e2timent de la forge est non isol\u00e9, la temp\u00e9rature int\u00e9rieure de l\u2019observatoire est la m\u00eame qu\u2019\u00e0 l\u2019ext\u00e9rieur. *<\/p>\n<p>[\/et_pb_text][\/et_pb_column][\/et_pb_row][\/et_pb_section]<\/p>\n","protected":false},"excerpt":{"rendered":"<p>Min\u00e9ro offre la possibilit\u00e9 de louer la salle polyvalente Hydro-Qu\u00e9bec, le hall du Mus\u00e9e, le b\u00e2timent de la forge ou encore l\u2019observatoire du Centre historique de la mine King KB3 (mai \u00e0 octobre). \u00c0 la disposition des organisations, tant publiques que priv\u00e9es, et des citoyens d\u00e9sirant y tenir des r\u00e9unions, des formations ou toute autre activit\u00e9.LOCATION DE SALLE Min\u00e9ro offre la possibilit\u00e9 de louer la salle polyvalente Hydro-Qu\u00e9bec, le hall du Mus\u00e9e, le b\u00e2timent de la forge ou encore l\u2019observatoire du Centre historique de la mine King KB3 (mai \u00e0 octobre). \u00c0 la disposition des organisations, tant publiques que priv\u00e9es, et des citoyens d\u00e9sirant y tenir des r\u00e9unions, des formations ou toute autre activit\u00e9. Pour r\u00e9server, nous contacter au 418 335-2123, ou au\u00a0info@museeminero.com.SALLE POLYVALENTE HYDRO-QU\u00c9BEC La salle Hydro-Qu\u00e9bec du Mus\u00e9e Min\u00e9ro est un espace multifonctionnel. Muni d\u2019\u00e9quipements audiovisuels, le lieu est tout indiqu\u00e9 pour des conf\u00e9rences, des formations et des r\u00e9unions d\u2019affaires. De plus, la salle est \u00e9quip\u00e9e d\u2019une cuisinette. Capacit\u00e9 : Formule cocktail : 50 personnes (debout) Formule conf\u00e9rence : 40 personnes (assises) Formule r\u00e9union (tables et chaises) : 20 personnes Pour r\u00e9server, nous contacter au 418 335-2123, ou au\u00a0info@museeminero.com.HALL DU MUS\u00c9E Le hall d\u2019entr\u00e9e est un espace convivial [&hellip;]<\/p>\n","protected":false},"author":1,"featured_media":0,"parent":0,"menu_order":0,"comment_status":"closed","ping_status":"closed","template":"","meta":{"_acf_changed":false,"_et_pb_use_builder":"on","_et_pb_old_content":"<!-- wp:divi\/placeholder \/-->","_et_gb_content_width":"","wpupg_custom_link":[],"wpupg_custom_link_behaviour":[],"wpupg_custom_link_nofollow":[],"wpupg_custom_image":[],"wpupg_custom_image_id":[],"footnotes":""},"class_list":["post-384","page","type-page","status-publish","hentry"],"acf":[],"_links":{"self":[{"href":"https:\/\/museeminero.com\/en\/wp-json\/wp\/v2\/pages\/384","targetHints":{"allow":["GET"]}}],"collection":[{"href":"https:\/\/museeminero.com\/en\/wp-json\/wp\/v2\/pages"}],"about":[{"href":"https:\/\/museeminero.com\/en\/wp-json\/wp\/v2\/types\/page"}],"author":[{"embeddable":true,"href":"https:\/\/museeminero.com\/en\/wp-json\/wp\/v2\/users\/1"}],"replies":[{"embeddable":true,"href":"https:\/\/museeminero.com\/en\/wp-json\/wp\/v2\/comments?post=384"}],"version-history":[{"count":0,"href":"https:\/\/museeminero.com\/en\/wp-json\/wp\/v2\/pages\/384\/revisions"}],"wp:attachment":[{"href":"https:\/\/museeminero.com\/en\/wp-json\/wp\/v2\/media?parent=384"}],"curies":[{"name":"wp","href":"https:\/\/api.w.org\/{rel}","templated":true}]}}